{"id":33,"date":"2024-06-08T01:22:37","date_gmt":"2024-06-08T01:22:37","guid":{"rendered":"https:\/\/label-ubuntu.com\/index.php\/coming-soon\/"},"modified":"2024-06-24T08:45:38","modified_gmt":"2024-06-24T08:45:38","slug":"coming-soon","status":"publish","type":"page","link":"https:\/\/label-ubuntu.com\/coming-soon\/","title":{"rendered":"Coming soon"},"content":{"rendered":"<p><span><img decoding=\"async\" alt=\"\" data-id=\"35\" width=\"530\" data-init-width=\"800\" height=\"530\" data-init-height=\"800\" title=\"Logo-Label-Ubuntu\" loading=\"lazy\" src=\"https:\/\/label-ubuntu.com\/wp-content\/uploads\/2024\/06\/Logo-Label-Ubuntu.png\" data-width=\"530\" data-height=\"530\" style=\"aspect-ratio: auto 800 \/ 800;\"><\/span><\/p>\n<h1 style=\"text-align: center;\"><strong>Arrive bient\u00f4t&#8230;<\/strong><\/h1>\n<p style=\"text-align: center;\">Pour \u00eatre notifi\u00e9.e, inscris ton e-mail.<\/p>\n","protected":false},"excerpt":{"rendered":"<p>Arrive bient\u00f4t&#8230; Pour \u00eatre notifi\u00e9.e, inscris ton e-mail.<\/p>\n","protected":false},"author":1,"featured_media":0,"parent":0,"menu_order":0,"comment_status":"closed","ping_status":"closed","template":"","meta":{"footnotes":""},"class_list":["post-33","page","type-page","status-publish","hentry","post-wrapper","thrv_wrapper"],"_links":{"self":[{"href":"https:\/\/label-ubuntu.com\/wp-json\/wp\/v2\/pages\/33","targetHints":{"allow":["GET"]}}],"collection":[{"href":"https:\/\/label-ubuntu.com\/wp-json\/wp\/v2\/pages"}],"about":[{"href":"https:\/\/label-ubuntu.com\/wp-json\/wp\/v2\/types\/page"}],"author":[{"embeddable":true,"href":"https:\/\/label-ubuntu.com\/wp-json\/wp\/v2\/users\/1"}],"replies":[{"embeddable":true,"href":"https:\/\/label-ubuntu.com\/wp-json\/wp\/v2\/comments?post=33"}],"version-history":[{"count":3,"href":"https:\/\/label-ubuntu.com\/wp-json\/wp\/v2\/pages\/33\/revisions"}],"predecessor-version":[{"id":40,"href":"https:\/\/label-ubuntu.com\/wp-json\/wp\/v2\/pages\/33\/revisions\/40"}],"wp:attachment":[{"href":"https:\/\/label-ubuntu.com\/wp-json\/wp\/v2\/media?parent=33"}],"curies":[{"name":"wp","href":"https:\/\/api.w.org\/{rel}","templated":true}]}}